{"id":3,"date":"2022-04-14T05:57:17","date_gmt":"2022-04-14T05:57:17","guid":{"rendered":"http:\/\/alarelleimpresiones.com\/?page_id=3"},"modified":"2022-04-17T08:30:57","modified_gmt":"2022-04-17T08:30:57","slug":"privacy-policy","status":"publish","type":"page","link":"https:\/\/alarelleimpresiones.com\/?page_id=3","title":{"rendered":"Pol\u00edticas de Privacidad"},"content":{"rendered":"\n<h2 class=\"wp-block-heading\">DECLARACI\u00d3N DE PRIVACIDAD<\/h2>\n\n\n\n<p>SECCI\u00d3N 1 &#8211; \u00bfQU\u00c9 HACEMOS CON TU INFORMACI\u00d3N?<br>Cuando compras algo de nuestra tienda, como parte del proceso de compra venta, nosotros recolectamos la informaci\u00f3n personal que nos das tales como nombre, direcci\u00f3n y correo electr\u00f3nico.<br>Cuando navegas en nuestra tienda, tambi\u00e9n recibimos de manera autom\u00e1tica la direcci\u00f3n de protocolo de internet de tu computadora (IP) con el fin de proporcionarnos informaci\u00f3n que nos ayuda a conocer acerca de su navegador y sistema operativo.<br>Email marketing: Con tu permiso, podremos enviarte correos electr\u00f3nicos acerca de nuestra tienda, nuevos productos y otras actualizaciones<\/p>\n\n\n\n<p>SECCI\u00d3N 2 &#8211; CONSENTIMIENTO<br>\u00bfC\u00f3mo obtienen mi consentimiento?<br>Cuando nos provees tu informaci\u00f3n personal para completar una transacci\u00f3n, verificar tu tarjeta de cr\u00e9dito, crear una orden, concertar un env\u00edo o hacer una devoluci\u00f3n, implicamos que aceptas la recolecci\u00f3n y uso por esa raz\u00f3n espec\u00edfica solamente.<br>Si te pedimos tu informaci\u00f3n personal por una raz\u00f3n secundaria, como marketing, te pediremos directamente tu expreso consentimiento, o te daremos la oportunidad de negarte.<br>\u00bfC\u00f3mo puedo anular mi consentimiento?<br>Si luego de haber aceptado cambias de opini\u00f3n, puedes anular tu consentimiento para que te contactemos, por la recolecci\u00f3n, uso o divulgaci\u00f3n de tu informaci\u00f3n, en cualquier momento, contact\u00e1ndonos a info@alarelleimpresiones.com.<\/p>\n\n\n\n<p>SECCI\u00d3N 3 &#8211; DIVULGACI\u00d3N<br>Podemos divulgar tu informaci\u00f3n personal si se nos requiere por ley o si violas nuestros T\u00e9rminos de Servicio.<\/p>\n\n\n\n<p>SECCI\u00d3N 4 &#8211; SERVICIOS DE TERCERAS PARTES<br>En general, los proveedores de terceras partes utilizados por nosotros solo recopilar\u00e1n, usar\u00e1n y divulgar\u00e1n tu informaci\u00f3n en la medida que sea necesaria para que les permita desempe\u00f1ar los servicios que nos proveen.<br>Sin embargo, algunos proveedores de servicios de terceros, tales como pasarelas de pago y otros procesadores de transacciones de pago, tienen sus propias pol\u00edticas de privacidad con respecto a la informaci\u00f3n que estamos obligados a proporcionarles para las transacciones relacionadas con las compras.<br>Para estos proveedores, te recomendamos que leas las pol\u00edticas de privacidad para que puedas entender la manera en que tu informaci\u00f3n personal ser\u00e1 manejada.<br>Una vez que abandonas el sitio web de nuestra tienda o te rediriges a un sitio o aplicaci\u00f3n de terceros, ya no est\u00e1s siendo regulados por la presente Pol\u00edtica de Privacidad o los T\u00e9rminos de Servicio de nuestra p\u00e1gina web.<br>Enlaces<br>Cuando haces clic en enlaces de nuestra tienda, puede que seas redirigido fuera de nuestro sitio. No somos responsables por las pr\u00e1cticas de privacidad de otros sitios y te recomendamos leer sus normas de privacidad.<\/p>\n\n\n\n<p>SECCI\u00d3N 5 &#8211; SEGURIDAD<br>Para proteger tu informaci\u00f3n personal, tomamos precauciones razonables y seguimos las mejores pr\u00e1cticas de la industria para asegurarnos de que no haya p\u00e9rdida de manera inapropiada, mal uso, acceso, divulgaci\u00f3n, alteraci\u00f3n o destrucci\u00f3n de la misma.<br>SI nos proporcionas la informaci\u00f3n de tu tarjeta de cr\u00e9dito, dicha informaci\u00f3n es encriptada mediante la tecnolog\u00eda Secure Socket Layer (SSL) y se almacena con un cifrado AES-256. Aunque ning\u00fan m\u00e9todo de transmisi\u00f3n a trav\u00e9s de Internet o de almacenamiento electr\u00f3nico es 100% seguro, seguimos todos los requisitos de PCI-DSS e implementamos normas adicionales aceptadas por la industria.<br>COOKIES<br>Aqu\u00ed tienes una lista de cookies que utilizamos. Las enlistamos para que puedas elegir si quieres optar por quitarlas o no.<br>_session_id, unique token, sessional, Allows Shopify to store information about your session (referrer, landing page, etc).<br>no data held, Persistent for 30 minutes from the last visit, Used by our website provider\u2019s internal stats tracker to record the number of visits<br>no data held, expires midnight (relative to the visitor) of the next day, Counts the number of visits to a store by a single customer.<br>cart, unique token, persistent for 2 weeks, Stores information about the contents of your cart.<br>_secure_session_id, unique token, sessional<br>storefront_digest, unique token, indefinite If the shop has a password, this is used to determine if the current visitor has access.<\/p>\n\n\n\n<p>SECCI\u00d3N 6 &#8211; EDAD DE CONSENTIMIENTO<br>Al utilizar este sitio, declaras que tienes al menos la mayor\u00eda de edad en tu estado o provincia de residencia, o que tienes la mayor\u00eda de edad en tu estado o provincia de residencia y que nos has dado tu consentimiento para permitir que cualquiera de tus dependientes menores use este sitio.<\/p>\n\n\n\n<p>SECCI\u00d3N 7 &#8211; CAMBIOS A ESTA POL\u00cdTICA DE PRIVACIDAD<br>Nos reservamos el derecho de modificar esta pol\u00edtica de privacidad en cualquier momento, as\u00ed que por favor rev\u00edsala frecuentemente. Cambios y aclaraciones entrar\u00e1n en vigencia inmediatamente despu\u00e9s de su publicaci\u00f3n en el sitio web. Si hacemos cambios materiales a esta pol\u00edtica, notificaremos aqu\u00ed que ha sido actualizada, por lo que est\u00e1s enterado de qu\u00e9 informaci\u00f3n recopilamos, c\u00f3mo y bajo qu\u00e9 circunstancias, si las hubiere, la utilizamos y\/o divulgamos.<br>Si nuestra tienda es adquirida o fusionada con otra empresa, tu informaci\u00f3n puede ser transferida a los nuevos propietarios, para que podamos seguir vendi\u00e9ndote productos.<\/p>\n\n\n\n<p>PREGUNTAS E INFORMACI\u00d3N DE CONTACTO<br>Si quieres: acceder, corregir, enmendar o borrar cualquier informaci\u00f3n personal que poseamos sobre ti, registrar una queja, o simplemente quieres m\u00e1s informaci\u00f3n contacta a nuestro Oficial de Cumplimiento de Privacidad info@alarelleimpresiones.com.<\/p>\n\n\n\n<hr class=\"wp-block-separator\"\/>\n","protected":false},"excerpt":{"rendered":"<p>DECLARACI\u00d3N DE PRIVACIDAD SECCI\u00d3N 1 &#8211; \u00bfQU\u00c9 HACEMOS CON TU INFORMACI\u00d3N?Cuando compras algo de nuestra tienda, como parte del proceso de compra venta, nosotros recolectamos la informaci\u00f3n personal que nos das tales como nombre, direcci\u00f3n y correo electr\u00f3nico.Cuando navegas en nuestra tienda, tambi\u00e9n recibimos de manera autom\u00e1tica la direcci\u00f3n de protocolo de internet de tu&#8230;<\/p>\n","protected":false},"author":1,"featured_media":0,"parent":0,"menu_order":0,"comment_status":"closed","ping_status":"open","template":"","meta":{"om_disable_all_campaigns":false,"_monsterinsights_skip_tracking":false,"_monsterinsights_sitenote_active":false,"_monsterinsights_sitenote_note":"","_monsterinsights_sitenote_category":0,"_kadence_starter_templates_imported_post":false,"_kad_post_transparent":"","_kad_post_title":"","_kad_post_layout":"","_kad_post_sidebar_id":"","_kad_post_content_style":"","_kad_post_vertical_padding":"","_kad_post_feature":"","_kad_post_feature_position":"","_kad_post_header":false,"_kad_post_footer":false,"_kad_post_classname":"","footnotes":""},"class_list":["post-3","page","type-page","status-publish","hentry"],"aioseo_notices":[],"_links":{"self":[{"href":"https:\/\/alarelleimpresiones.com\/index.php?rest_route=\/wp\/v2\/pages\/3","targetHints":{"allow":["GET"]}}],"collection":[{"href":"https:\/\/alarelleimpresiones.com\/index.php?rest_route=\/wp\/v2\/pages"}],"about":[{"href":"https:\/\/alarelleimpresiones.com\/index.php?rest_route=\/wp\/v2\/types\/page"}],"author":[{"embeddable":true,"href":"https:\/\/alarelleimpresiones.com\/index.php?rest_route=\/wp\/v2\/users\/1"}],"replies":[{"embeddable":true,"href":"https:\/\/alarelleimpresiones.com\/index.php?rest_route=%2Fwp%2Fv2%2Fcomments&post=3"}],"version-history":[{"count":1,"href":"https:\/\/alarelleimpresiones.com\/index.php?rest_route=\/wp\/v2\/pages\/3\/revisions"}],"predecessor-version":[{"id":787,"href":"https:\/\/alarelleimpresiones.com\/index.php?rest_route=\/wp\/v2\/pages\/3\/revisions\/787"}],"wp:attachment":[{"href":"https:\/\/alarelleimpresiones.com\/index.php?rest_route=%2Fwp%2Fv2%2Fmedia&parent=3"}],"curies":[{"name":"wp","href":"https:\/\/api.w.org\/{rel}","templated":true}]}}